{"id":71,"date":"2016-12-01T14:13:17","date_gmt":"2016-12-01T14:13:17","guid":{"rendered":"http:\/\/www.makler-vorsorge.com\/?page_id=71"},"modified":"2017-10-13T13:50:28","modified_gmt":"2017-10-13T13:50:28","slug":"zahnspange","status":"publish","type":"page","link":"https:\/\/www.makler-vorsorge.com\/?page_id=71","title":{"rendered":"Zahnspange"},"content":{"rendered":"<p>Wir haben verschiedenste M\u00f6glichkeiten, bis zu 100% der Zahnspangenkosten und andere Zahnarztkosten Ihrer Kinder zu versichern f\u00fcr wenig Pr\u00e4mie.<br \/>\nTeilweise k\u00f6nnen wir Ihre Lieblinge auch noch versichern, obwohl sie bereits in Behandlung sind oder eine Behandlung geplant ist.<\/p>\n<p><strong><a href=\"http:\/\/www.vcmittelland.ch\/kontakt.html\">F\u00fcr eine individuelle und unverbindliche Beratung kontaktieren Sie uns bitte&#8230;<\/a><\/strong><\/p>\n","protected":false},"excerpt":{"rendered":"<p>Wir haben verschiedenste M\u00f6glichkeiten, bis zu 100% der Zahnspangenkosten und andere Zahnarztkosten Ihrer Kinder zu versichern f\u00fcr wenig Pr\u00e4mie. Teilweise k\u00f6nnen wir Ihre Lieblinge auch noch versichern, obwohl sie bereits in Behandlung sind oder eine Behandlung geplant ist. F\u00fcr eine individuelle und unverbindliche Beratung kontaktieren Sie uns bitte&#8230;<\/p>\n","protected":false},"author":1,"featured_media":0,"parent":6,"menu_order":0,"comment_status":"closed","ping_status":"closed","template":"","meta":{"footnotes":""},"class_list":["post-71","page","type-page","status-publish","hentry"],"_links":{"self":[{"href":"https:\/\/www.makler-vorsorge.com\/index.php?rest_route=\/wp\/v2\/pages\/71","targetHints":{"allow":["GET"]}}],"collection":[{"href":"https:\/\/www.makler-vorsorge.com\/index.php?rest_route=\/wp\/v2\/pages"}],"about":[{"href":"https:\/\/www.makler-vorsorge.com\/index.php?rest_route=\/wp\/v2\/types\/page"}],"author":[{"embeddable":true,"href":"https:\/\/www.makler-vorsorge.com\/index.php?rest_route=\/wp\/v2\/users\/1"}],"replies":[{"embeddable":true,"href":"https:\/\/www.makler-vorsorge.com\/index.php?rest_route=%2Fwp%2Fv2%2Fcomments&post=71"}],"version-history":[{"count":2,"href":"https:\/\/www.makler-vorsorge.com\/index.php?rest_route=\/wp\/v2\/pages\/71\/revisions"}],"predecessor-version":[{"id":119,"href":"https:\/\/www.makler-vorsorge.com\/index.php?rest_route=\/wp\/v2\/pages\/71\/revisions\/119"}],"up":[{"embeddable":true,"href":"https:\/\/www.makler-vorsorge.com\/index.php?rest_route=\/wp\/v2\/pages\/6"}],"wp:attachment":[{"href":"https:\/\/www.makler-vorsorge.com\/index.php?rest_route=%2Fwp%2Fv2%2Fmedia&parent=71"}],"curies":[{"name":"wp","href":"https:\/\/api.w.org\/{rel}","templated":true}]}}