{"id":38,"date":"2016-11-19T13:08:45","date_gmt":"2016-11-19T13:08:45","guid":{"rendered":"http:\/\/www.makler-vorsorge.com\/?page_id=38"},"modified":"2023-03-28T17:09:39","modified_gmt":"2023-03-28T17:09:39","slug":"bvgahviv","status":"publish","type":"page","link":"https:\/\/www.makler-vorsorge.com\/?page_id=38","title":{"rendered":"BVG\/AHV\/IV"},"content":{"rendered":"<p>&nbsp;<\/p>\n<p><img loading=\"lazy\" decoding=\"async\" class=\"wp-image-203 alignleft\" src=\"http:\/\/www.makler-vorsorge.com\/wp-content\/uploads\/2016\/11\/bvgmakler-300x220.png\" alt=\"\" width=\"325\" height=\"238\" srcset=\"https:\/\/www.makler-vorsorge.com\/wp-content\/uploads\/2016\/11\/bvgmakler-300x220.png 300w, https:\/\/www.makler-vorsorge.com\/wp-content\/uploads\/2016\/11\/bvgmakler-768x563.png 768w, https:\/\/www.makler-vorsorge.com\/wp-content\/uploads\/2016\/11\/bvgmakler.png 971w\" sizes=\"auto, (max-width: 325px) 100vw, 325px\" \/>Anschlusspflicht an<br \/>\neine Vorsorgeeinrichtung<br \/>\ngem\u00e4ss BVG<br \/>\nStand am 1. Januar 2023<\/p>\n<p>&nbsp;<\/p>\n<p>&nbsp;<\/p>\n<p>&nbsp;<\/p>\n<p>&nbsp;<\/p>\n<p>&nbsp;<\/p>\n<p><strong>2<\/strong><br \/>\n<strong> Auf einen Blick<\/strong><br \/>\nDie berufliche Vorsorge bildet die zweite S\u00e4ule. Neben der AHV\/IV\/EL als<\/p>\n<p>erste S\u00e4ule hat sie die Aufgabe, den Versicherten die Fortsetzung ihrer bis-<br \/>\nherigen Lebenshaltung in angemessener Weise zu erm\u00f6glichen. Sie strebt<\/p>\n<p>dabei das Ziel an, mit der ersten S\u00e4ule zusammen ein Renteneinkommen<br \/>\nvon rund 60 % des letzten Lohnes zu erreichen.<\/p>\n<p>Arbeitgebende, die obligatorisch zu versichernde Arbeitnehmende be-<br \/>\nsch\u00e4ftigen, m\u00fcssen einer registrierten Vorsorgeeinrichtung angeschlossen<\/p>\n<p>sein (Bundesgesetz \u00fcber die berufliche Alters-, Hinterlassenen- und Invali-<br \/>\ndenvorsorge, BVG; Art. 11 Abs. 1).<\/p>\n<p>Dieses Merkblatt informiert insbesondere Arbeitgebende \u00fcber ihre An-<br \/>\nschlusspflicht an eine Vorsorgeeinrichtung gem\u00e4ss BVG, sowie \u00fcber die<\/p>\n<p>freiwillige Versicherung von Arbeitnehmenden und Selbstst\u00e4ndigerwer-<br \/>\nbenden.<\/p>\n<p><strong>3<\/strong><\/p>\n<p><strong>Versicherungspflicht<\/strong><br \/>\n<strong> 1 Wer ist versicherungspflichtig?<\/strong><\/p>\n<p>Das Obligatorium der beruflichen Vorsorge gilt grunds\u00e4tzlich f\u00fcr alle Perso-<br \/>\nnen, die als Arbeitnehmende in der AHV beitragspflichtig sind.<\/p>\n<p>2 Wer ist nicht versicherungspflichtig?<br \/>\nVom Obligatorium der beruflichen Vorsorge ausgenommen sind Sie als<br \/>\nArbeitnehmerin oder Arbeitnehmer:<br \/>\n\u2022 bis zum 31. Dezember nach Zur\u00fccklegung des 17. Altersjahres;<br \/>\n\u2022 wenn Sie das ordentliche Rentenalter erreicht haben;<\/p>\n<p>\u2022 wenn Sie bei der Arbeitgeberin oder beim Arbeitgeber einen Jahres-<br \/>\nlohn von nicht mehr als 22 050 Franken oder einen Monatslohn von<\/p>\n<p>nicht mehr als 1 837.50 Franken beziehen;<\/p>\n<p>\u2022 wenn Ihre Arbeitgeberin oder Ihr Arbeitgeber in der AHV nicht bei-<br \/>\ntragspflichtig ist;<\/p>\n<p>\u2022 wenn Sie einen befristeten Arbeitsvertrag von h\u00f6chstens drei Monaten<br \/>\nhaben;<\/p>\n<p>\u2022 wenn Sie nebenberuflich t\u00e4tig sind und bereits f\u00fcr eine hauptberufli-<br \/>\nche Erwerbst\u00e4tigkeit obligatorisch versichert sind oder im Hauptberuf<\/p>\n<p>eine selbst\u00e4ndige Erwerbst\u00e4tigkeit aus\u00fcben;<br \/>\n\u2022 wenn Sie im Sinne der IV zu mindestens 70 % invalid sind;<br \/>\n\u2022 wenn Sie Familienglied der Betriebsleiterin oder des Betriebsleiters sind<br \/>\nund in diesem landwirtschaftlichen Betrieb mitarbeiten, d. h.:<\/p>\n<p>1. wenn Sie oder Ihr Ehegatte oder Ihre Ehegattin oder eingetrage-<br \/>\nner Partner oder eingetragene Partnerin mit der Betriebsleiterin<\/p>\n<p>oder dem Betriebsleiter in auf und absteigender Linie verwandt<br \/>\nsind;<br \/>\n2. wenn Sie die Schwiegertochter oder der Schwiegersohn der<br \/>\nBetriebsleiterin oder des Betriebsleiters sind und voraussichtlich<br \/>\nden Betrieb zur Selbstbewirtschaftung \u00fcbernehmen werden.<\/p>\n<p><strong>4<\/strong><br \/>\n<strong> 3 Wer kann sich freiwillig versichern?<\/strong><br \/>\nSie k\u00f6nnen sich auf freiwilliger Basis versichern, wenn Sie<\/p>\n<p>\u2022 selbst\u00e4ndig erwerbend sind (siehe Merkblatt 2.09 &#8211; Selbst\u00e4ndigerwer-<br \/>\nbende in der schweizerischen Sozialversicherung);<\/p>\n<p>\u2022 Arbeitnehmerin oder Arbeitnehmer sind und Ihre Arbeitgeberin oder<br \/>\nIhr Arbeitgeber gegen\u00fcber der AHV nicht beitragspflichtig ist;<br \/>\n\u2022 Familienglied der Betriebsleiterin oder des Betriebsleiters sind und in<br \/>\ndiesem landwirtschaftlichen Betrieb mitarbeiten;<br \/>\n\u2022 Arbeitnehmerin oder Arbeitnehmer mit mehreren Arbeitgebenden<br \/>\nsind, und Ihr Jahreslohn insgesamt \u00fcber 22 050 Franken liegt, sofern<br \/>\nSie nicht bereits obligatorisch versichert sind. Gleichgestellt sind Sie:<br \/>\n&#8211; als Arbeitnehmerin oder Arbeitnehmer mit einem oder mehreren<br \/>\nbefristeten Arbeitsvertr\u00e4gen von h\u00f6chstens drei Monaten, und<\/p>\n<p>&#8211; als Arbeitnehmerin oder Arbeitnehmer mit einer nebenberuf-<br \/>\nlichen T\u00e4tigkeit, wenn Sie f\u00fcr eine hauptberufliche Erwerbst\u00e4tig-<br \/>\nkeit obligatorisch versichert sind oder im Hauptberuf eine selb-<br \/>\nst\u00e4ndige Erwerbst\u00e4tigkeit aus\u00fcben.<\/p>\n<p>Wenn Sie sich freiwillig versichern lassen m\u00f6chten, m\u00fcssen Sie dies bei der<br \/>\nAuffangeinrichtung oder einer anderen zust\u00e4ndigen Vorsorgeeinrichtung<br \/>\nbeantragen.<\/p>\n<p>Sie sind als Arbeitgeberin oder Arbeitgeber von freiwillig Versicherten ver-<br \/>\npflichtet, sich auf Verlangen der Arbeitnehmenden an den Beitr\u00e4gen zu<\/p>\n<p>beteiligen, sofern Sie \u00fcber das Bestehen einer freiwilligen Versicherung in-<br \/>\nformiert worden sind.<\/p>\n<p>Vorsorgeeinrichtung<br \/>\n<strong>4 Welche Vorsorgeeinrichtung kann ich w\u00e4hlen?<\/strong><\/p>\n<p>Verf\u00fcgen Sie als Arbeitgeberin oder Arbeitgeber noch \u00fcber keine regist-<br \/>\nrierte Vorsorgeeinrichtung, m\u00fcssen Sie mit Einverst\u00e4ndnis des Personals<\/p>\n<p>eine Vorsorgeeinrichtung ausw\u00e4hlen. Sie haben die M\u00f6glichkeit<br \/>\n\u2022 sich einer bestehenden Vorsorgeeinrichtung anzuschliessen (z. B.<br \/>\nSammel- oder Gemeinschaftseinrichtung des Berufsverbands, einer<br \/>\nVersicherungsgesellschaft oder einer Bank), oder<br \/>\n\u2022 eine eigene Vorsorgeeinrichtung zu errichten, oder<br \/>\n\u2022 sich der Auffangeinrichtung anzuschliessen.<\/p>\n<p><strong>5<\/strong><\/p>\n<p><strong>Erfassungskontrolle<\/strong><br \/>\n<strong> 5 Wer kontrolliert, ob ich einer Vorsorgeeinrichtung<\/strong><br \/>\nangeschlossen bin?<\/p>\n<p>Die Ausgleichskassen kontrollieren, ob Sie als Arbeitgeberin oder Arbeitge-<br \/>\nber einer registrierten Vorsorgeeinrichtung angeschlossen sind, sofern Sie<\/p>\n<p>der beruflichen Vorsorge unterstellte Arbeitnehmende besch\u00e4ftigen.<\/p>\n<p><strong>6\u00a0 \u00a0\u00a0 Was ist, wenn ich keiner beruflichen Vorsorge<\/strong><br \/>\n<strong> unterstellt bin?<\/strong><br \/>\nDie Ausgleichskassen fordern Sie als Arbeitgeberin oder Arbeitgeber zum<\/p>\n<p>Anschluss innert zwei Monaten auf, wenn Sie keiner registrierten Vorsor-<br \/>\ngeeinrichtung angeh\u00f6ren.<\/p>\n<p>Kommen Sie als Arbeitgeberin oder Arbeitgeber dieser Aufforderung nicht<\/p>\n<p>nach, meldet die Ausgleichskasse Sie der Auffangeinrichtung zum r\u00fcckwir-<br \/>\nkenden Anschluss.<\/p>\n<p><strong>7 Was ist, wenn ich den Vertrag mit einer<\/strong><br \/>\n<strong> Vorsorgeeinrichtung aufl\u00f6se?<\/strong><br \/>\nL\u00f6sen Sie als Arbeitgeberin oder Arbeitgeber einen Anschluss-Vertrag mit<br \/>\neiner Vorsorgeeinrichtung auf, obwohl Sie nach wie vor der beruflichen<\/p>\n<p>Vorsorge unterstellte Arbeitnehmende besch\u00e4ftigen, m\u00fcssen Sie sich un-<br \/>\nverz\u00fcglich wieder einer registrierten Vorsorgeeinrichtung anschliessen.<\/p>\n<p>Die bisherige Vorsorgeeinrichtung meldet der Auffangeinrichtung die Ver-<br \/>\ntragsaufl\u00f6sung. So wird sichergestellt, dass Sie sich wiederum einer neuen<\/p>\n<p>Vorsorgeeinrichtung anschliessen. Wenn Sie sich dieser Verpflichtung ent-<br \/>\nziehen, werden Sie zwangsweise und r\u00fcckwirkend der Auffangeinrichtung<\/p>\n<p>angeschlossen.<br \/>\n<strong>8 Welche Unterlagen muss ich aufbewahren?<\/strong><\/p>\n<p>Sie m\u00fcssen zuhanden der Ausgleichskassen folgende Unterlagen aufbe-<br \/>\nwahren:<\/p>\n<p>\u2022 eine Bescheinigung der Vorsorgeeinrichtung, aus der hervorgeht, dass<br \/>\nder Anschluss nach der Vorschrift des BVG erfolgte, oder<\/p>\n<p>\u2022 die Kopie des Entscheides der Aufsichtsbeh\u00f6rde \u00fcber die Registrie-<br \/>\nrung, wenn eine eigene Vorsorgeeinrichtung errichtet wurde.<\/p>\n<p>9 Welche Strafbestimmungen gelten?<\/p>\n<p>Sie machen sich strafbar, wenn Sie sich der Anschlusspflicht oder der Erfas-<br \/>\nsungskontrolle entziehen.<\/p>\n","protected":false},"excerpt":{"rendered":"<p>&nbsp; Anschlusspflicht an eine Vorsorgeeinrichtung gem\u00e4ss BVG Stand am 1. Januar 2023 &nbsp; &nbsp; &nbsp; &nbsp; &nbsp; 2 Auf einen Blick Die berufliche Vorsorge bildet die zweite S\u00e4ule. Neben der AHV\/IV\/EL als erste S\u00e4ule hat sie die Aufgabe, den Versicherten die Fortsetzung ihrer bis- herigen Lebenshaltung in angemessener Weise zu [&hellip;]<\/p>\n","protected":false},"author":1,"featured_media":0,"parent":9,"menu_order":0,"comment_status":"closed","ping_status":"closed","template":"","meta":{"footnotes":""},"class_list":["post-38","page","type-page","status-publish","hentry"],"_links":{"self":[{"href":"https:\/\/www.makler-vorsorge.com\/index.php?rest_route=\/wp\/v2\/pages\/38","targetHints":{"allow":["GET"]}}],"collection":[{"href":"https:\/\/www.makler-vorsorge.com\/index.php?rest_route=\/wp\/v2\/pages"}],"about":[{"href":"https:\/\/www.makler-vorsorge.com\/index.php?rest_route=\/wp\/v2\/types\/page"}],"author":[{"embeddable":true,"href":"https:\/\/www.makler-vorsorge.com\/index.php?rest_route=\/wp\/v2\/users\/1"}],"replies":[{"embeddable":true,"href":"https:\/\/www.makler-vorsorge.com\/index.php?rest_route=%2Fwp%2Fv2%2Fcomments&post=38"}],"version-history":[{"count":8,"href":"https:\/\/www.makler-vorsorge.com\/index.php?rest_route=\/wp\/v2\/pages\/38\/revisions"}],"predecessor-version":[{"id":206,"href":"https:\/\/www.makler-vorsorge.com\/index.php?rest_route=\/wp\/v2\/pages\/38\/revisions\/206"}],"up":[{"embeddable":true,"href":"https:\/\/www.makler-vorsorge.com\/index.php?rest_route=\/wp\/v2\/pages\/9"}],"wp:attachment":[{"href":"https:\/\/www.makler-vorsorge.com\/index.php?rest_route=%2Fwp%2Fv2%2Fmedia&parent=38"}],"curies":[{"name":"wp","href":"https:\/\/api.w.org\/{rel}","templated":true}]}}