{"id":127,"date":"2017-10-13T14:05:12","date_gmt":"2017-10-13T14:05:12","guid":{"rendered":"http:\/\/www.makler-vorsorge.com\/?page_id=127"},"modified":"2020-06-15T20:06:44","modified_gmt":"2020-06-15T20:06:44","slug":"home","status":"publish","type":"page","link":"https:\/\/www.makler-vorsorge.com\/","title":{"rendered":"Versicherungen"},"content":{"rendered":"<p>&nbsp;<\/p>\n<p><a href=\"http:\/\/www.makler-vorsorge.com\/?page_id=49\"><img loading=\"lazy\" decoding=\"async\" class=\"alignnone wp-image-179 size-medium\" src=\"http:\/\/www.makler-vorsorge.com\/wp-content\/uploads\/2017\/10\/Krankenkasse-300x300.png\" alt=\"\" width=\"300\" height=\"300\" srcset=\"https:\/\/www.makler-vorsorge.com\/wp-content\/uploads\/2017\/10\/Krankenkasse-300x300.png 300w, https:\/\/www.makler-vorsorge.com\/wp-content\/uploads\/2017\/10\/Krankenkasse-150x150.png 150w, https:\/\/www.makler-vorsorge.com\/wp-content\/uploads\/2017\/10\/Krankenkasse-768x768.png 768w, https:\/\/www.makler-vorsorge.com\/wp-content\/uploads\/2017\/10\/Krankenkasse-1024x1024.png 1024w, https:\/\/www.makler-vorsorge.com\/wp-content\/uploads\/2017\/10\/Krankenkasse.png 1080w\" sizes=\"auto, (max-width: 300px) 100vw, 300px\" \/><\/a><a href=\"http:\/\/www.makler-vorsorge.com\/?page_id=51\"><img loading=\"lazy\" decoding=\"async\" class=\"alignnone wp-image-178 size-medium\" src=\"http:\/\/www.makler-vorsorge.com\/wp-content\/uploads\/2017\/10\/Fahrzeugversicherungen-300x300.png\" alt=\"\" width=\"300\" height=\"300\" srcset=\"https:\/\/www.makler-vorsorge.com\/wp-content\/uploads\/2017\/10\/Fahrzeugversicherungen-300x300.png 300w, https:\/\/www.makler-vorsorge.com\/wp-content\/uploads\/2017\/10\/Fahrzeugversicherungen-150x150.png 150w, https:\/\/www.makler-vorsorge.com\/wp-content\/uploads\/2017\/10\/Fahrzeugversicherungen-768x768.png 768w, https:\/\/www.makler-vorsorge.com\/wp-content\/uploads\/2017\/10\/Fahrzeugversicherungen-1024x1024.png 1024w, https:\/\/www.makler-vorsorge.com\/wp-content\/uploads\/2017\/10\/Fahrzeugversicherungen.png 1080w\" sizes=\"auto, (max-width: 300px) 100vw, 300px\" \/><\/a><a href=\"http:\/\/www.makler-vorsorge.com\/?page_id=62\"><img loading=\"lazy\" decoding=\"async\" class=\"alignnone wp-image-180 size-medium\" src=\"http:\/\/www.makler-vorsorge.com\/wp-content\/uploads\/2017\/10\/Lebensversicherung-300x300.png\" alt=\"\" width=\"300\" height=\"300\" srcset=\"https:\/\/www.makler-vorsorge.com\/wp-content\/uploads\/2017\/10\/Lebensversicherung-300x300.png 300w, https:\/\/www.makler-vorsorge.com\/wp-content\/uploads\/2017\/10\/Lebensversicherung-150x150.png 150w, https:\/\/www.makler-vorsorge.com\/wp-content\/uploads\/2017\/10\/Lebensversicherung-768x768.png 768w, https:\/\/www.makler-vorsorge.com\/wp-content\/uploads\/2017\/10\/Lebensversicherung-1024x1024.png 1024w, https:\/\/www.makler-vorsorge.com\/wp-content\/uploads\/2017\/10\/Lebensversicherung.png 1080w\" sizes=\"auto, (max-width: 300px) 100vw, 300px\" \/><\/a><a href=\"http:\/\/www.makler-vorsorge.com\/?page_id=64\"><img loading=\"lazy\" decoding=\"async\" class=\"alignnone wp-image-181 size-medium\" src=\"http:\/\/www.makler-vorsorge.com\/wp-content\/uploads\/2017\/10\/Privathaftpflichtversicherung-300x300.png\" alt=\"\" width=\"300\" height=\"300\" srcset=\"https:\/\/www.makler-vorsorge.com\/wp-content\/uploads\/2017\/10\/Privathaftpflichtversicherung-300x300.png 300w, https:\/\/www.makler-vorsorge.com\/wp-content\/uploads\/2017\/10\/Privathaftpflichtversicherung-150x150.png 150w, https:\/\/www.makler-vorsorge.com\/wp-content\/uploads\/2017\/10\/Privathaftpflichtversicherung-768x768.png 768w, https:\/\/www.makler-vorsorge.com\/wp-content\/uploads\/2017\/10\/Privathaftpflichtversicherung-1024x1024.png 1024w, https:\/\/www.makler-vorsorge.com\/wp-content\/uploads\/2017\/10\/Privathaftpflichtversicherung.png 1080w\" sizes=\"auto, (max-width: 300px) 100vw, 300px\" \/><\/a><a href=\"http:\/\/www.makler-vorsorge.com\/?page_id=66\"><img loading=\"lazy\" decoding=\"async\" class=\"alignnone wp-image-182 size-medium\" src=\"http:\/\/www.makler-vorsorge.com\/wp-content\/uploads\/2017\/10\/Rechtschutzversicherung-300x300.png\" alt=\"\" width=\"300\" height=\"300\" srcset=\"https:\/\/www.makler-vorsorge.com\/wp-content\/uploads\/2017\/10\/Rechtschutzversicherung-300x300.png 300w, https:\/\/www.makler-vorsorge.com\/wp-content\/uploads\/2017\/10\/Rechtschutzversicherung-150x150.png 150w, https:\/\/www.makler-vorsorge.com\/wp-content\/uploads\/2017\/10\/Rechtschutzversicherung-768x768.png 768w, https:\/\/www.makler-vorsorge.com\/wp-content\/uploads\/2017\/10\/Rechtschutzversicherung-1024x1024.png 1024w, https:\/\/www.makler-vorsorge.com\/wp-content\/uploads\/2017\/10\/Rechtschutzversicherung.png 1080w\" sizes=\"auto, (max-width: 300px) 100vw, 300px\" \/><\/a><a href=\"http:\/\/www.makler-vorsorge.com\/?page_id=71\"><img loading=\"lazy\" decoding=\"async\" class=\"alignnone wp-image-185 size-medium\" src=\"http:\/\/www.makler-vorsorge.com\/wp-content\/uploads\/2017\/10\/Zahnspangenversicherung-300x300.png\" alt=\"\" width=\"300\" height=\"300\" srcset=\"https:\/\/www.makler-vorsorge.com\/wp-content\/uploads\/2017\/10\/Zahnspangenversicherung-300x300.png 300w, https:\/\/www.makler-vorsorge.com\/wp-content\/uploads\/2017\/10\/Zahnspangenversicherung-150x150.png 150w, https:\/\/www.makler-vorsorge.com\/wp-content\/uploads\/2017\/10\/Zahnspangenversicherung-768x768.png 768w, https:\/\/www.makler-vorsorge.com\/wp-content\/uploads\/2017\/10\/Zahnspangenversicherung-1024x1024.png 1024w, https:\/\/www.makler-vorsorge.com\/wp-content\/uploads\/2017\/10\/Zahnspangenversicherung.png 1080w\" sizes=\"auto, (max-width: 300px) 100vw, 300px\" \/><\/a><a href=\"http:\/\/www.makler-vorsorge.com\/?page_id=12\"><img loading=\"lazy\" decoding=\"async\" class=\"alignnone wp-image-186 size-medium\" src=\"http:\/\/www.makler-vorsorge.com\/wp-content\/uploads\/2017\/10\/Beratung-rundum-300x300.png\" alt=\"\" width=\"300\" height=\"300\" srcset=\"https:\/\/www.makler-vorsorge.com\/wp-content\/uploads\/2017\/10\/Beratung-rundum-300x300.png 300w, https:\/\/www.makler-vorsorge.com\/wp-content\/uploads\/2017\/10\/Beratung-rundum-150x150.png 150w, https:\/\/www.makler-vorsorge.com\/wp-content\/uploads\/2017\/10\/Beratung-rundum-768x768.png 768w, https:\/\/www.makler-vorsorge.com\/wp-content\/uploads\/2017\/10\/Beratung-rundum-1024x1024.png 1024w, https:\/\/www.makler-vorsorge.com\/wp-content\/uploads\/2017\/10\/Beratung-rundum.png 1080w\" sizes=\"auto, (max-width: 300px) 100vw, 300px\" \/><\/a><a href=\"http:\/\/www.makler-vorsorge.com\/?page_id=38\"><img loading=\"lazy\" decoding=\"async\" class=\"alignnone wp-image-177 size-medium\" src=\"http:\/\/www.makler-vorsorge.com\/wp-content\/uploads\/2017\/10\/BVG-AHV-IV-300x300.png\" alt=\"\" width=\"300\" height=\"300\" srcset=\"https:\/\/www.makler-vorsorge.com\/wp-content\/uploads\/2017\/10\/BVG-AHV-IV-300x300.png 300w, https:\/\/www.makler-vorsorge.com\/wp-content\/uploads\/2017\/10\/BVG-AHV-IV-150x150.png 150w, https:\/\/www.makler-vorsorge.com\/wp-content\/uploads\/2017\/10\/BVG-AHV-IV-768x768.png 768w, https:\/\/www.makler-vorsorge.com\/wp-content\/uploads\/2017\/10\/BVG-AHV-IV-1024x1024.png 1024w, https:\/\/www.makler-vorsorge.com\/wp-content\/uploads\/2017\/10\/BVG-AHV-IV.png 1080w\" sizes=\"auto, (max-width: 300px) 100vw, 300px\" \/><\/a><a href=\"http:\/\/www.makler-vorsorge.com\/?page_id=121\"><img loading=\"lazy\" decoding=\"async\" class=\"alignnone wp-image-183 size-medium\" src=\"http:\/\/www.makler-vorsorge.com\/wp-content\/uploads\/2017\/10\/Sachversicherung-300x300.png\" alt=\"\" width=\"300\" height=\"300\" srcset=\"https:\/\/www.makler-vorsorge.com\/wp-content\/uploads\/2017\/10\/Sachversicherung-300x300.png 300w, https:\/\/www.makler-vorsorge.com\/wp-content\/uploads\/2017\/10\/Sachversicherung-150x150.png 150w, https:\/\/www.makler-vorsorge.com\/wp-content\/uploads\/2017\/10\/Sachversicherung-768x768.png 768w, https:\/\/www.makler-vorsorge.com\/wp-content\/uploads\/2017\/10\/Sachversicherung-1024x1024.png 1024w, https:\/\/www.makler-vorsorge.com\/wp-content\/uploads\/2017\/10\/Sachversicherung.png 1080w\" sizes=\"auto, (max-width: 300px) 100vw, 300px\" \/><\/a><a href=\"http:\/\/www.makler-vorsorge.com\/?page_id=121\"><img loading=\"lazy\" decoding=\"async\" class=\"alignnone wp-image-184 size-medium\" src=\"http:\/\/www.makler-vorsorge.com\/wp-content\/uploads\/2017\/10\/Sozialversicherung-300x300.png\" alt=\"\" width=\"300\" height=\"300\" srcset=\"https:\/\/www.makler-vorsorge.com\/wp-content\/uploads\/2017\/10\/Sozialversicherung-300x300.png 300w, https:\/\/www.makler-vorsorge.com\/wp-content\/uploads\/2017\/10\/Sozialversicherung-150x150.png 150w, https:\/\/www.makler-vorsorge.com\/wp-content\/uploads\/2017\/10\/Sozialversicherung-768x768.png 768w, https:\/\/www.makler-vorsorge.com\/wp-content\/uploads\/2017\/10\/Sozialversicherung-1024x1024.png 1024w, https:\/\/www.makler-vorsorge.com\/wp-content\/uploads\/2017\/10\/Sozialversicherung.png 1080w\" sizes=\"auto, (max-width: 300px) 100vw, 300px\" \/><\/a><a href=\"http:\/\/www.makler-vorsorge.com\/?page_id=134\"><img loading=\"lazy\" decoding=\"async\" class=\"alignnone wp-image-175 size-medium\" src=\"http:\/\/www.makler-vorsorge.com\/wp-content\/uploads\/2017\/10\/Betriebshaftpflicht-300x300.png\" alt=\"\" width=\"300\" height=\"300\" srcset=\"https:\/\/www.makler-vorsorge.com\/wp-content\/uploads\/2017\/10\/Betriebshaftpflicht-300x300.png 300w, https:\/\/www.makler-vorsorge.com\/wp-content\/uploads\/2017\/10\/Betriebshaftpflicht-150x150.png 150w, https:\/\/www.makler-vorsorge.com\/wp-content\/uploads\/2017\/10\/Betriebshaftpflicht-768x768.png 768w, https:\/\/www.makler-vorsorge.com\/wp-content\/uploads\/2017\/10\/Betriebshaftpflicht-1024x1024.png 1024w, https:\/\/www.makler-vorsorge.com\/wp-content\/uploads\/2017\/10\/Betriebshaftpflicht.png 1080w\" sizes=\"auto, (max-width: 300px) 100vw, 300px\" \/><\/a><a href=\"http:\/\/www.makler-vorsorge.com\/?page_id=137\"><img loading=\"lazy\" decoding=\"async\" class=\"alignnone wp-image-176 size-medium\" src=\"http:\/\/www.makler-vorsorge.com\/wp-content\/uploads\/2017\/10\/Betriebsrechtschutzu-300x300.png\" alt=\"\" width=\"300\" height=\"300\" srcset=\"https:\/\/www.makler-vorsorge.com\/wp-content\/uploads\/2017\/10\/Betriebsrechtschutzu-300x300.png 300w, https:\/\/www.makler-vorsorge.com\/wp-content\/uploads\/2017\/10\/Betriebsrechtschutzu-150x150.png 150w, https:\/\/www.makler-vorsorge.com\/wp-content\/uploads\/2017\/10\/Betriebsrechtschutzu-768x768.png 768w, https:\/\/www.makler-vorsorge.com\/wp-content\/uploads\/2017\/10\/Betriebsrechtschutzu-1024x1024.png 1024w, https:\/\/www.makler-vorsorge.com\/wp-content\/uploads\/2017\/10\/Betriebsrechtschutzu.png 1080w\" sizes=\"auto, (max-width: 300px) 100vw, 300px\" \/><\/a><\/p>\n<p>&nbsp;<\/p>\n<p>&nbsp;<\/p>\n<p>F\u00dcR EIN RUNDUM SICHERES GEF\u00dcHL.<\/p>\n<p>Jeder Kunde ist individuell. Deshalb werden unsere L\u00f6sungen nach einer Vorabkl\u00e4rung auf Ihre Bed\u00fcrfnisse zugeschnitten. Somit erhalten Sie das optimale Preis-Leistungs-Verh\u00e4ltnis.<\/p>\n<p>Unsere Unabh\u00e4ngigkeit wird gew\u00e4hrleistet durch Partnerschaften mit allen wichtigen Versicherungen, sowie unser einzigartiges Qualit\u00e4tsmanagement. S\u00e4mtliche Mitarbeiter unterliegen strengsten Qualit\u00e4tsrichtlinien.<\/p>\n<p>\u00dcberzeugen Sie sich selbst beim unverbindlichen Beratungsgespr\u00e4ch bei Ihnen zu Hause oder in unserem B\u00fcro. Selbstverst\u00e4ndlich sind Sie auch herzlich willkommen auf einen Kennenlern kaffe in unserem B\u00fcro im\u00a0Z\u00fcrich.<\/p>\n","protected":false},"excerpt":{"rendered":"<p>&nbsp; &nbsp; &nbsp; F\u00dcR EIN RUNDUM SICHERES GEF\u00dcHL. Jeder Kunde ist individuell. Deshalb werden unsere L\u00f6sungen nach einer Vorabkl\u00e4rung auf Ihre Bed\u00fcrfnisse zugeschnitten. Somit erhalten Sie das optimale Preis-Leistungs-Verh\u00e4ltnis. Unsere Unabh\u00e4ngigkeit wird gew\u00e4hrleistet durch Partnerschaften mit allen wichtigen Versicherungen, sowie unser einzigartiges Qualit\u00e4tsmanagement. S\u00e4mtliche Mitarbeiter unterliegen strengsten Qualit\u00e4tsrichtlinien. \u00dcberzeugen Sie [&hellip;]<\/p>\n","protected":false},"author":1,"featured_media":0,"parent":0,"menu_order":0,"comment_status":"closed","ping_status":"closed","template":"","meta":{"footnotes":""},"class_list":["post-127","page","type-page","status-publish","hentry"],"_links":{"self":[{"href":"https:\/\/www.makler-vorsorge.com\/index.php?rest_route=\/wp\/v2\/pages\/127","targetHints":{"allow":["GET"]}}],"collection":[{"href":"https:\/\/www.makler-vorsorge.com\/index.php?rest_route=\/wp\/v2\/pages"}],"about":[{"href":"https:\/\/www.makler-vorsorge.com\/index.php?rest_route=\/wp\/v2\/types\/page"}],"author":[{"embeddable":true,"href":"https:\/\/www.makler-vorsorge.com\/index.php?rest_route=\/wp\/v2\/users\/1"}],"replies":[{"embeddable":true,"href":"https:\/\/www.makler-vorsorge.com\/index.php?rest_route=%2Fwp%2Fv2%2Fcomments&post=127"}],"version-history":[{"count":4,"href":"https:\/\/www.makler-vorsorge.com\/index.php?rest_route=\/wp\/v2\/pages\/127\/revisions"}],"predecessor-version":[{"id":187,"href":"https:\/\/www.makler-vorsorge.com\/index.php?rest_route=\/wp\/v2\/pages\/127\/revisions\/187"}],"wp:attachment":[{"href":"https:\/\/www.makler-vorsorge.com\/index.php?rest_route=%2Fwp%2Fv2%2Fmedia&parent=127"}],"curies":[{"name":"wp","href":"https:\/\/api.w.org\/{rel}","templated":true}]}}